{"id":2465,"date":"2024-02-28T12:55:02","date_gmt":"2024-02-28T12:55:02","guid":{"rendered":"https:\/\/landeck-schule.de\/?page_id=2465"},"modified":"2024-03-08T06:18:52","modified_gmt":"2024-03-08T06:18:52","slug":"biss-sprachbildung","status":"publish","type":"page","link":"https:\/\/landeck-schule.de\/?page_id=2465","title":{"rendered":"BiSS Sprachbildung"},"content":{"rendered":"\t\t<div data-elementor-type=\"wp-page\" data-elementor-id=\"2465\" class=\"elementor elementor-2465\">\n\t\t\t\t\t\t<section class=\"elementor-section elementor-top-section elementor-element elementor-element-f0eb434 elementor-section-boxed elementor-section-height-default elementor-section-height-default\" data-id=\"f0eb434\" data-element_type=\"section\" data-e-type=\"section\">\n\t\t\t\t\t\t<div class=\"elementor-container elementor-column-gap-default\">\n\t\t\t\t\t<div class=\"elementor-column elementor-col-100 elementor-top-column elementor-element elementor-element-28c2fde\" data-id=\"28c2fde\" data-element_type=\"column\" data-e-type=\"column\">\n\t\t\t<div class=\"elementor-widget-wrap elementor-element-populated\">\n\t\t\t\t\t\t<div class=\"elementor-element elementor-element-1244f86 elementor-widget elementor-widget-image\" data-id=\"1244f86\" data-element_type=\"widget\" data-e-type=\"widget\" data-widget_type=\"image.default\">\n\t\t\t\t<div class=\"elementor-widget-container\">\n\t\t\t\t\t\t\t\t\t\t\t\t\t\t\t<img fetchpriority=\"high\" decoding=\"async\" width=\"639\" height=\"256\" src=\"https:\/\/landeck-schule.de\/wp-content\/uploads\/2024\/03\/Unbenannt.png\" class=\"attachment-large size-large wp-image-2531\" alt=\"\" srcset=\"https:\/\/landeck-schule.de\/wp-content\/uploads\/2024\/03\/Unbenannt.png 639w, https:\/\/landeck-schule.de\/wp-content\/uploads\/2024\/03\/Unbenannt-300x120.png 300w\" sizes=\"(max-width: 639px) 100vw, 639px\" \/>\t\t\t\t\t\t\t\t\t\t\t\t\t\t\t<\/div>\n\t\t\t\t<\/div>\n\t\t\t\t<div class=\"elementor-element elementor-element-df86779 elementor-widget elementor-widget-spacer\" data-id=\"df86779\" data-element_type=\"widget\" data-e-type=\"widget\" data-widget_type=\"spacer.default\">\n\t\t\t\t<div class=\"elementor-widget-container\">\n\t\t\t\t\t\t\t<div class=\"elementor-spacer\">\n\t\t\t<div class=\"elementor-spacer-inner\"><\/div>\n\t\t<\/div>\n\t\t\t\t\t\t<\/div>\n\t\t\t\t<\/div>\n\t\t\t\t<div class=\"elementor-element elementor-element-4fde814 elementor-widget elementor-widget-heading\" data-id=\"4fde814\" data-element_type=\"widget\" data-e-type=\"widget\" data-widget_type=\"heading.default\">\n\t\t\t\t<div class=\"elementor-widget-container\">\n\t\t\t\t\t<h3 class=\"elementor-heading-title elementor-size-default\">Sprachbildung, Lese- und Schreibf\u00f6rderung<\/h3>\t\t\t\t<\/div>\n\t\t\t\t<\/div>\n\t\t\t\t<div class=\"elementor-element elementor-element-ddb5c64 elementor-widget elementor-widget-text-editor\" data-id=\"ddb5c64\" data-element_type=\"widget\" data-e-type=\"widget\" data-widget_type=\"text-editor.default\">\n\t\t\t\t<div class=\"elementor-widget-container\">\n\t\t\t\t\t\t\t\t\t<p style=\"font-weight: 400;\">BiSS-Transfer ist eine gemeinsame Initiative des\u00a0Bundesministeriums f\u00fcr Bildung und Forschung\u00a0(BMBF) und der Kultusministerkonferenz (KMK) zum\u00a0Transfer von Sprachbildung, Lese- und\u00a0Schreibf\u00f6rderung in Schulen und Kitas (<a href=\"http:\/\/www.biss-sprachbildung.de\/\" target=\"_blank\" rel=\"noopener\">www.biss-sprachbildung.de<\/a>).<\/p><p style=\"font-weight: 400;\">Ziel in Baden-W\u00fcrttemberg ist die <strong>St\u00e4rkung der Basiskompetenzen <\/strong>der Sch\u00fclerinnen und Sch\u00fcler im Bereich des Lesens. Im Mittelpunkt steht die <strong>F\u00f6rderung der Lesefertigkeiten <\/strong>(Lesetechnik, Lesefl\u00fcssigkeit) sowie der <strong>Lesef\u00e4higkeiten<\/strong> (Leseverstehen, Lesestrategien). Auf der Basis eines <strong>einheitlichen und systematischen Lesecurriculums<\/strong> setzen die BiSS-Grundschulen Schritt f\u00fcr Schritt nachweislich lernf\u00f6rderliche Elemente im Leseunterricht um, wie z.B. das Training der Lesefl\u00fcssigkeit mithilfe von Lautlesetandems und den Einsatz ausgew\u00e4hlter Lesestrategien. Damit die Umsetzung in allen Klassenstufen gut funktioniert, hat jede BiSS-Grundschule eine eigene Projektgruppe eingerichtet, die sich regelm\u00e4\u00dfig trifft, um \u00fcber n\u00e4chste Schritte in der Umsetzung zu sprechen. Jede Schule hat zudem eine BiSS-Ansprechperson, die gemeinsam mit der Schulleitung das Kollegium an der Schule dabei unterst\u00fctzt, das BiSS-Lesef\u00f6rderkonzept umzusetzen.<\/p><p style=\"font-weight: 400;\">In Baden-W\u00fcrttemberg nehmen mit Start des Schuljahres 2023\/2024 insgesamt 2030 Grundschulen teil, die in 21 BiSS-Verb\u00fcnden organisiert sind. Die Verb\u00fcnde dienen der Vernetzung und dem Austausch. Hier k\u00f6nnen die Verb\u00fcnde eingesehen werden:\u00a0<a href=\"https:\/\/www.biss-sprachbildung.de\/landkarte\/\" target=\"_blank\" rel=\"noopener\">https:\/\/www.biss-sprachbildung.de\/landkarte\/<\/a>.<\/p><p style=\"font-weight: 400;\">Unsere Grundschule ist auch mit dabei und geh\u00f6rt dem Verbund Freiburg an.<\/p>\t\t\t\t\t\t\t\t<\/div>\n\t\t\t\t<\/div>\n\t\t\t\t\t<\/div>\n\t\t<\/div>\n\t\t\t\t\t<\/div>\n\t\t<\/section>\n\t\t\t\t<\/div>\n\t\t","protected":false},"excerpt":{"rendered":"<p>Sprachbildung, Lese- und Schreibf\u00f6rderung BiSS-Transfer ist eine gemeinsame Initiative des\u00a0Bundesministeriums f\u00fcr Bildung und Forschung\u00a0(BMBF) und der Kultusministerkonferenz (KMK) zum\u00a0Transfer von Sprachbildung, Lese- und\u00a0Schreibf\u00f6rderung in Schulen und Kitas (www.biss-sprachbildung.de). Ziel in [&hellip;]<\/p>\n","protected":false},"author":2,"featured_media":0,"parent":0,"menu_order":0,"comment_status":"closed","ping_status":"closed","template":"","meta":{"site-sidebar-layout":"no-sidebar","site-content-layout":"page-builder","ast-site-content-layout":"default","site-content-style":"default","site-sidebar-style":"default","ast-global-header-display":"","ast-banner-title-visibility":"","ast-main-header-display":"","ast-hfb-above-header-display":"","ast-hfb-below-header-display":"","ast-hfb-mobile-header-display":"","site-post-title":"disabled","ast-breadcrumbs-content":"","ast-featured-img":"disabled","footer-sml-layout":"","ast-disable-related-posts":"","theme-transparent-header-meta":"","adv-header-id-meta":"","stick-header-meta":"","header-above-stick-meta":"","header-main-stick-meta":"","header-below-stick-meta":"","astra-migrate-meta-layouts":"set","ast-page-background-enabled":"default","ast-page-background-meta":{"desktop":{"background-color":"var(--ast-global-color-4)","background-image":"","background-repeat":"repeat","background-position":"center center","background-size":"auto","background-attachment":"scroll","background-type":"","background-media":"","overlay-type":"","overlay-color":"","overlay-opacity":"","overlay-gradient":""},"tablet":{"background-color":"","background-image":"","background-repeat":"repeat","background-position":"center center","background-size":"auto","background-attachment":"scroll","background-type":"","background-media":"","overlay-type":"","overlay-color":"","overlay-opacity":"","overlay-gradient":""},"mobile":{"background-color":"","background-image":"","background-repeat":"repeat","background-position":"center center","background-size":"auto","background-attachment":"scroll","background-type":"","background-media":"","overlay-type":"","overlay-color":"","overlay-opacity":"","overlay-gradient":""}},"ast-content-background-meta":{"desktop":{"background-color":"var(--ast-global-color-5)","background-image":"","background-repeat":"repeat","background-position":"center center","background-size":"auto","background-attachment":"scroll","background-type":"","background-media":"","overlay-type":"","overlay-color":"","overlay-opacity":"","overlay-gradient":""},"tablet":{"background-color":"var(--ast-global-color-5)","background-image":"","background-repeat":"repeat","background-position":"center center","background-size":"auto","background-attachment":"scroll","background-type":"","background-media":"","overlay-type":"","overlay-color":"","overlay-opacity":"","overlay-gradient":""},"mobile":{"background-color":"var(--ast-global-color-5)","background-image":"","background-repeat":"repeat","background-position":"center center","background-size":"auto","background-attachment":"scroll","background-type":"","background-media":"","overlay-type":"","overlay-color":"","overlay-opacity":"","overlay-gradient":""}},"footnotes":""},"class_list":["post-2465","page","type-page","status-publish","hentry"],"_links":{"self":[{"href":"https:\/\/landeck-schule.de\/index.php?rest_route=\/wp\/v2\/pages\/2465","targetHints":{"allow":["GET"]}}],"collection":[{"href":"https:\/\/landeck-schule.de\/index.php?rest_route=\/wp\/v2\/pages"}],"about":[{"href":"https:\/\/landeck-schule.de\/index.php?rest_route=\/wp\/v2\/types\/page"}],"author":[{"embeddable":true,"href":"https:\/\/landeck-schule.de\/index.php?rest_route=\/wp\/v2\/users\/2"}],"replies":[{"embeddable":true,"href":"https:\/\/landeck-schule.de\/index.php?rest_route=%2Fwp%2Fv2%2Fcomments&post=2465"}],"version-history":[{"count":25,"href":"https:\/\/landeck-schule.de\/index.php?rest_route=\/wp\/v2\/pages\/2465\/revisions"}],"predecessor-version":[{"id":2550,"href":"https:\/\/landeck-schule.de\/index.php?rest_route=\/wp\/v2\/pages\/2465\/revisions\/2550"}],"wp:attachment":[{"href":"https:\/\/landeck-schule.de\/index.php?rest_route=%2Fwp%2Fv2%2Fmedia&parent=2465"}],"curies":[{"name":"wp","href":"https:\/\/api.w.org\/{rel}","templated":true}]}}