{"id":3970,"date":"2025-01-31T09:53:03","date_gmt":"2025-01-31T09:53:03","guid":{"rendered":"https:\/\/landeck-schule.de\/?page_id=3970"},"modified":"2025-01-31T09:55:05","modified_gmt":"2025-01-31T09:55:05","slug":"sicherer-schulweg","status":"publish","type":"page","link":"https:\/\/landeck-schule.de\/?page_id=3970","title":{"rendered":"Sicherer Schulweg"},"content":{"rendered":"\t\t<div data-elementor-type=\"wp-page\" data-elementor-id=\"3970\" class=\"elementor elementor-3970\">\n\t\t\t\t\t\t<section class=\"elementor-section elementor-top-section elementor-element elementor-element-32d6822 elementor-section-boxed elementor-section-height-default elementor-section-height-default\" data-id=\"32d6822\" data-element_type=\"section\" data-e-type=\"section\">\n\t\t\t\t\t\t<div class=\"elementor-container elementor-column-gap-default\">\n\t\t\t\t\t<div class=\"elementor-column elementor-col-100 elementor-top-column elementor-element elementor-element-62c9d69\" data-id=\"62c9d69\" data-element_type=\"column\" data-e-type=\"column\">\n\t\t\t<div class=\"elementor-widget-wrap elementor-element-populated\">\n\t\t\t\t\t\t<section class=\"elementor-section elementor-inner-section elementor-element elementor-element-af1472a elementor-section-boxed elementor-section-height-default elementor-section-height-default\" data-id=\"af1472a\" data-element_type=\"section\" data-e-type=\"section\">\n\t\t\t\t\t\t<div class=\"elementor-container elementor-column-gap-default\">\n\t\t\t\t\t<div class=\"elementor-column elementor-col-100 elementor-inner-column elementor-element elementor-element-b4edd31\" data-id=\"b4edd31\" data-element_type=\"column\" data-e-type=\"column\">\n\t\t\t<div class=\"elementor-widget-wrap elementor-element-populated\">\n\t\t\t\t\t\t<div class=\"elementor-element elementor-element-4bc1e42 elementor-widget elementor-widget-heading\" data-id=\"4bc1e42\" data-element_type=\"widget\" data-e-type=\"widget\" data-widget_type=\"heading.default\">\n\t\t\t\t<div class=\"elementor-widget-container\">\n\t\t\t\t\t<h2 class=\"elementor-heading-title elementor-size-default\">Schulwegplaner<\/h2>\t\t\t\t<\/div>\n\t\t\t\t<\/div>\n\t\t\t\t\t<\/div>\n\t\t<\/div>\n\t\t\t\t\t<\/div>\n\t\t<\/section>\n\t\t\t\t<div class=\"elementor-element elementor-element-25e1925 elementor-widget elementor-widget-spacer\" data-id=\"25e1925\" data-element_type=\"widget\" data-e-type=\"widget\" data-widget_type=\"spacer.default\">\n\t\t\t\t<div class=\"elementor-widget-container\">\n\t\t\t\t\t\t\t<div class=\"elementor-spacer\">\n\t\t\t<div class=\"elementor-spacer-inner\"><\/div>\n\t\t<\/div>\n\t\t\t\t\t\t<\/div>\n\t\t\t\t<\/div>\n\t\t\t\t<section class=\"elementor-section elementor-inner-section elementor-element elementor-element-e0981d9 elementor-section-boxed elementor-section-height-default elementor-section-height-default\" data-id=\"e0981d9\" data-element_type=\"section\" data-e-type=\"section\">\n\t\t\t\t\t\t<div class=\"elementor-container elementor-column-gap-default\">\n\t\t\t\t\t<div class=\"elementor-column elementor-col-100 elementor-inner-column elementor-element elementor-element-75783cb\" data-id=\"75783cb\" data-element_type=\"column\" data-e-type=\"column\">\n\t\t\t<div class=\"elementor-widget-wrap elementor-element-populated\">\n\t\t\t\t\t\t<div class=\"elementor-element elementor-element-f23188f elementor-widget elementor-widget-html\" data-id=\"f23188f\" data-element_type=\"widget\" data-e-type=\"widget\" data-widget_type=\"html.default\">\n\t\t\t\t<div class=\"elementor-widget-container\">\n\t\t\t\t\t<iframe style=\"width: 100%; height: 70vh;\" src=\"https:\/\/umap.openstreetmap.de\/de\/map\/schulwegeplan-der-johann-heinrich-von-landeck-schu_28986#15\/47.9149\/7.7000\" allowfullscreen><\/iframe>\t\t\t\t<\/div>\n\t\t\t\t<\/div>\n\t\t\t\t<div class=\"elementor-element elementor-element-19c0b36 elementor-widget elementor-widget-text-editor\" data-id=\"19c0b36\" data-element_type=\"widget\" data-e-type=\"widget\" data-widget_type=\"text-editor.default\">\n\t\t\t\t<div class=\"elementor-widget-container\">\n\t\t\t\t\t\t\t\t\t<p>Der Schulwegeplan der Landeck-Schule gibt Hinweise, auf welchem Schulweg die Schule sicher zu Fu\u00df erreicht werden kann.<\/p><p>Auf der Website <a href=\"http:\/\/www.schulwegtrainer.de\">www.schulwegtrainer.de<\/a> finden sich dar\u00fcber hinaus wertvolle Empfehlungen, bspw. zielgruppengerechte Clips, um das richtige Verhalten im Stra\u00dfenverkehr zu verdeutlichen.<\/p><p>Die Internetanwendung wurde im Rahmen einer Projektgruppe mit Verkehrsexperten der Polizei, der Verkehrswacht und der Unfallkasse Baden-W\u00fcrttemberg entwickelt und durch das Innenministerium Baden-W\u00fcrttemberg gef\u00f6rdert.<\/p><p>Der Schulwegtrainer soll Kinder f\u00fcr das Erlernen der wichtigsten Regeln f\u00fcr einen sicheren Schulweg zu Fu\u00df begeistern und Erziehenden Verhaltenstipps an die Hand geben, wie sie Kinder auf eine sichere Teilnahme im Stra\u00dfenverkehr vorbereiten k\u00f6nnen.<\/p><p>In der Internetanwendung gibt es sowohl einen Bereich f\u00fcr Kinder, als auch f\u00fcr Erziehungsberechtigte.<\/p>\t\t\t\t\t\t\t\t<\/div>\n\t\t\t\t<\/div>\n\t\t\t\t\t<\/div>\n\t\t<\/div>\n\t\t\t\t\t<\/div>\n\t\t<\/section>\n\t\t\t\t\t<\/div>\n\t\t<\/div>\n\t\t\t\t\t<\/div>\n\t\t<\/section>\n\t\t\t\t<section class=\"elementor-section elementor-top-section elementor-element elementor-element-36821c5 elementor-section-boxed elementor-section-height-default elementor-section-height-default\" data-id=\"36821c5\" data-element_type=\"section\" data-e-type=\"section\">\n\t\t\t\t\t\t<div class=\"elementor-container elementor-column-gap-default\">\n\t\t\t\t\t<div class=\"elementor-column elementor-col-100 elementor-top-column elementor-element elementor-element-cc5707d\" data-id=\"cc5707d\" data-element_type=\"column\" data-e-type=\"column\">\n\t\t\t<div class=\"elementor-widget-wrap elementor-element-populated\">\n\t\t\t\t\t\t<section class=\"elementor-section elementor-inner-section elementor-element elementor-element-6618129 elementor-section-boxed elementor-section-height-default elementor-section-height-default\" data-id=\"6618129\" data-element_type=\"section\" data-e-type=\"section\">\n\t\t\t\t\t\t<div class=\"elementor-container elementor-column-gap-default\">\n\t\t\t\t\t<div class=\"elementor-column elementor-col-100 elementor-inner-column elementor-element elementor-element-f2f05b4\" data-id=\"f2f05b4\" data-element_type=\"column\" data-e-type=\"column\">\n\t\t\t<div class=\"elementor-widget-wrap elementor-element-populated\">\n\t\t\t\t\t\t<div class=\"elementor-element elementor-element-674fe53 elementor-widget elementor-widget-heading\" data-id=\"674fe53\" data-element_type=\"widget\" data-e-type=\"widget\" data-widget_type=\"heading.default\">\n\t\t\t\t<div class=\"elementor-widget-container\">\n\t\t\t\t\t<h4 class=\"elementor-heading-title elementor-size-default\">Sicherer Schulweg<\/h4>\t\t\t\t<\/div>\n\t\t\t\t<\/div>\n\t\t\t\t\t<\/div>\n\t\t<\/div>\n\t\t\t\t\t<\/div>\n\t\t<\/section>\n\t\t\t\t<section class=\"elementor-section elementor-inner-section elementor-element elementor-element-19b25bf elementor-section-boxed elementor-section-height-default elementor-section-height-default\" data-id=\"19b25bf\" data-element_type=\"section\" data-e-type=\"section\">\n\t\t\t\t\t\t<div class=\"elementor-container elementor-column-gap-default\">\n\t\t\t\t\t<div class=\"elementor-column elementor-col-100 elementor-inner-column elementor-element elementor-element-12ed946\" data-id=\"12ed946\" data-element_type=\"column\" data-e-type=\"column\">\n\t\t\t<div class=\"elementor-widget-wrap elementor-element-populated\">\n\t\t\t\t\t\t<div class=\"elementor-element elementor-element-541b2f6 elementor-widget elementor-widget-text-editor\" data-id=\"541b2f6\" data-element_type=\"widget\" data-e-type=\"widget\" data-widget_type=\"text-editor.default\">\n\t\t\t\t<div class=\"elementor-widget-container\">\n\t\t\t\t\t\t\t\t\t<p>Liebe Eltern,<\/p><div>wir alle w\u00fcnschen uns einen stressfreien und sicheren Schulweg f\u00fcr unsere Kinder. Mit dem angeh\u00e4ngten Video wollen wir zeigen, dass wir alle ein Teil der L\u00f6sung sein k\u00f6nnen.<\/div><div>\u00a0<\/div><p>Am Besten ist es die Kinder zur Schule laufen zu lassen oder an den umliegenden Parkpl\u00e4tzen (z.b. Im Gr\u00fcn oder Schotterparkplatz hinter der Schule) abzusetzen. Wer tats\u00e4chlich bis vor die Schule f\u00e4hrt, sollte sich bitte an die Verkehrsregeln halten. Zum besseren Verst\u00e4ndnis sind im Video die betreffenden Stellen farblich markiert.<\/p><p>Also: nur im ausgewiesen Haltebereich stehen bleiben, NICHT direkt vor oder nach dem Zebrastreifen, NICHT \u00fcber den Gehweg wenden und NICHT in die Busschleife fahren, Bu\u00dfgeld mind 50 Euro laut StVO).<\/p><p>Das Video bitte gerne teilen, damit m\u00f6glichst viel Aufmerksamkeit f\u00fcr den sicheren Schulweg entsteht.<\/p><p>Herzliche Gr\u00fc\u00dfe von der Verkehrs-AG der Landeck-Schule<\/p>\t\t\t\t\t\t\t\t<\/div>\n\t\t\t\t<\/div>\n\t\t\t\t\t<\/div>\n\t\t<\/div>\n\t\t\t\t\t<\/div>\n\t\t<\/section>\n\t\t\t\t<div class=\"elementor-element elementor-element-11dbf09 elementor-widget elementor-widget-video\" data-id=\"11dbf09\" data-element_type=\"widget\" data-e-type=\"widget\" data-settings=\"{&quot;video_type&quot;:&quot;hosted&quot;,&quot;controls&quot;:&quot;yes&quot;}\" data-widget_type=\"video.default\">\n\t\t\t\t<div class=\"elementor-widget-container\">\n\t\t\t\t\t\t\t<div class=\"e-hosted-video elementor-wrapper elementor-open-inline\">\n\t\t\t\t\t<video class=\"elementor-video\" src=\"https:\/\/landeck-schule.de\/wp-content\/uploads\/2024\/06\/AbenteuerSchulweg_25April.mp4\" controls=\"\" preload=\"metadata\" controlsList=\"nodownload\"><\/video>\n\t\t\t\t<\/div>\n\t\t\t\t\t\t<\/div>\n\t\t\t\t<\/div>\n\t\t\t\t<div class=\"elementor-element elementor-element-e096339 elementor-widget elementor-widget-spacer\" data-id=\"e096339\" data-element_type=\"widget\" data-e-type=\"widget\" data-widget_type=\"spacer.default\">\n\t\t\t\t<div class=\"elementor-widget-container\">\n\t\t\t\t\t\t\t<div class=\"elementor-spacer\">\n\t\t\t<div class=\"elementor-spacer-inner\"><\/div>\n\t\t<\/div>\n\t\t\t\t\t\t<\/div>\n\t\t\t\t<\/div>\n\t\t\t\t\t<\/div>\n\t\t<\/div>\n\t\t\t\t\t<\/div>\n\t\t<\/section>\n\t\t\t\t<\/div>\n\t\t","protected":false},"excerpt":{"rendered":"<p>Schulwegplaner Der Schulwegeplan der Landeck-Schule gibt Hinweise, auf welchem Schulweg die Schule sicher zu Fu\u00df erreicht werden kann. Auf der Website www.schulwegtrainer.de finden sich dar\u00fcber hinaus wertvolle Empfehlungen, bspw. zielgruppengerechte [&hellip;]<\/p>\n","protected":false},"author":2,"featured_media":0,"parent":0,"menu_order":0,"comment_status":"closed","ping_status":"closed","template":"","meta":{"site-sidebar-layout":"no-sidebar","site-content-layout":"page-builder","ast-site-content-layout":"full-width-container","site-content-style":"unboxed","site-sidebar-style":"unboxed","ast-global-header-display":"","ast-banner-title-visibility":"","ast-main-header-display":"","ast-hfb-above-header-display":"","ast-hfb-below-header-display":"","ast-hfb-mobile-header-display":"","site-post-title":"disabled","ast-breadcrumbs-content":"","ast-featured-img":"disabled","footer-sml-layout":"","ast-disable-related-posts":"","theme-transparent-header-meta":"","adv-header-id-meta":"","stick-header-meta":"","header-above-stick-meta":"","header-main-stick-meta":"","header-below-stick-meta":"","astra-migrate-meta-layouts":"set","ast-page-background-enabled":"default","ast-page-background-meta":{"desktop":{"background-color":"var(--ast-global-color-4)","background-image":"","background-repeat":"repeat","background-position":"center center","background-size":"auto","background-attachment":"scroll","background-type":"","background-media":"","overlay-type":"","overlay-color":"","overlay-opacity":"","overlay-gradient":""},"tablet":{"background-color":"","background-image":"","background-repeat":"repeat","background-position":"center center","background-size":"auto","background-attachment":"scroll","background-type":"","background-media":"","overlay-type":"","overlay-color":"","overlay-opacity":"","overlay-gradient":""},"mobile":{"background-color":"","background-image":"","background-repeat":"repeat","background-position":"center center","background-size":"auto","background-attachment":"scroll","background-type":"","background-media":"","overlay-type":"","overlay-color":"","overlay-opacity":"","overlay-gradient":""}},"ast-content-background-meta":{"desktop":{"background-color":"var(--ast-global-color-5)","background-image":"","background-repeat":"repeat","background-position":"center center","background-size":"auto","background-attachment":"scroll","background-type":"","background-media":"","overlay-type":"","overlay-color":"","overlay-opacity":"","overlay-gradient":""},"tablet":{"background-color":"var(--ast-global-color-5)","background-image":"","background-repeat":"repeat","background-position":"center center","background-size":"auto","background-attachment":"scroll","background-type":"","background-media":"","overlay-type":"","overlay-color":"","overlay-opacity":"","overlay-gradient":""},"mobile":{"background-color":"var(--ast-global-color-5)","background-image":"","background-repeat":"repeat","background-position":"center center","background-size":"auto","background-attachment":"scroll","background-type":"","background-media":"","overlay-type":"","overlay-color":"","overlay-opacity":"","overlay-gradient":""}},"footnotes":""},"class_list":["post-3970","page","type-page","status-publish","hentry"],"_links":{"self":[{"href":"https:\/\/landeck-schule.de\/index.php?rest_route=\/wp\/v2\/pages\/3970","targetHints":{"allow":["GET"]}}],"collection":[{"href":"https:\/\/landeck-schule.de\/index.php?rest_route=\/wp\/v2\/pages"}],"about":[{"href":"https:\/\/landeck-schule.de\/index.php?rest_route=\/wp\/v2\/types\/page"}],"author":[{"embeddable":true,"href":"https:\/\/landeck-schule.de\/index.php?rest_route=\/wp\/v2\/users\/2"}],"replies":[{"embeddable":true,"href":"https:\/\/landeck-schule.de\/index.php?rest_route=%2Fwp%2Fv2%2Fcomments&post=3970"}],"version-history":[{"count":7,"href":"https:\/\/landeck-schule.de\/index.php?rest_route=\/wp\/v2\/pages\/3970\/revisions"}],"predecessor-version":[{"id":3978,"href":"https:\/\/landeck-schule.de\/index.php?rest_route=\/wp\/v2\/pages\/3970\/revisions\/3978"}],"wp:attachment":[{"href":"https:\/\/landeck-schule.de\/index.php?rest_route=%2Fwp%2Fv2%2Fmedia&parent=3970"}],"curies":[{"name":"wp","href":"https:\/\/api.w.org\/{rel}","templated":true}]}}