{"id":4138,"date":"2025-03-09T16:42:23","date_gmt":"2025-03-09T16:42:23","guid":{"rendered":"https:\/\/landeck-schule.de\/?page_id=4138"},"modified":"2025-09-17T17:41:22","modified_gmt":"2025-09-17T17:41:22","slug":"schach-ag","status":"publish","type":"page","link":"https:\/\/landeck-schule.de\/?page_id=4138","title":{"rendered":"Schach-AG"},"content":{"rendered":"\t\t<div data-elementor-type=\"wp-page\" data-elementor-id=\"4138\" class=\"elementor elementor-4138\">\n\t\t\t\t\t\t<section class=\"elementor-section elementor-top-section elementor-element elementor-element-32d6822 elementor-section-boxed elementor-section-height-default elementor-section-height-default\" data-id=\"32d6822\" data-element_type=\"section\" data-e-type=\"section\">\n\t\t\t\t\t\t<div class=\"elementor-container elementor-column-gap-default\">\n\t\t\t\t\t<div class=\"elementor-column elementor-col-100 elementor-top-column elementor-element elementor-element-62c9d69\" data-id=\"62c9d69\" data-element_type=\"column\" data-e-type=\"column\">\n\t\t\t<div class=\"elementor-widget-wrap elementor-element-populated\">\n\t\t\t\t\t\t<section class=\"elementor-section elementor-inner-section elementor-element elementor-element-af1472a elementor-section-boxed elementor-section-height-default elementor-section-height-default\" data-id=\"af1472a\" data-element_type=\"section\" data-e-type=\"section\">\n\t\t\t\t\t\t<div class=\"elementor-container elementor-column-gap-default\">\n\t\t\t\t\t<div class=\"elementor-column elementor-col-100 elementor-inner-column elementor-element elementor-element-b4edd31\" data-id=\"b4edd31\" data-element_type=\"column\" data-e-type=\"column\">\n\t\t\t<div class=\"elementor-widget-wrap elementor-element-populated\">\n\t\t\t\t\t\t<div class=\"elementor-element elementor-element-4bc1e42 elementor-widget elementor-widget-heading\" data-id=\"4bc1e42\" data-element_type=\"widget\" data-e-type=\"widget\" data-widget_type=\"heading.default\">\n\t\t\t\t<div class=\"elementor-widget-container\">\n\t\t\t\t\t<h4 class=\"elementor-heading-title elementor-size-default\">Unsere Schach-AG<\/h4>\t\t\t\t<\/div>\n\t\t\t\t<\/div>\n\t\t\t\t\t<\/div>\n\t\t<\/div>\n\t\t\t\t\t<\/div>\n\t\t<\/section>\n\t\t\t\t<section class=\"elementor-section elementor-inner-section elementor-element elementor-element-e0981d9 elementor-section-boxed elementor-section-height-default elementor-section-height-default\" data-id=\"e0981d9\" data-element_type=\"section\" data-e-type=\"section\">\n\t\t\t\t\t\t<div class=\"elementor-container elementor-column-gap-default\">\n\t\t\t\t\t<div class=\"elementor-column elementor-col-100 elementor-inner-column elementor-element elementor-element-6c4db3e\" data-id=\"6c4db3e\" data-element_type=\"column\" data-e-type=\"column\">\n\t\t\t<div class=\"elementor-widget-wrap elementor-element-populated\">\n\t\t\t\t\t\t<div class=\"elementor-element elementor-element-b04cb11 elementor-widget elementor-widget-text-editor\" data-id=\"b04cb11\" data-element_type=\"widget\" data-e-type=\"widget\" data-widget_type=\"text-editor.default\">\n\t\t\t\t<div class=\"elementor-widget-container\">\n\t\t\t\t\t\t\t\t\t<ul>\n<li><strong>Zeitpunkt der AG<\/strong>\n<ul>\n<li>mittwochs: 15:30 &#8211; 17:00 Uhr<\/li>\n<\/ul>\n<\/li>\n<li><strong>Leitung der AG<\/strong>\n<ul>\n<li>Herr&nbsp;<span style=\"font-family: Arial, sans-serif; font-size: 16px; -webkit-text-size-adjust: auto;\">Gkegkas<\/span><\/li>\n<\/ul>\n<\/li>\n<li><strong>Weitere Infos zur AG<\/strong>\n<ul>\n<li>Die Schach-AG findet im Raum B206.<\/li>\n<li><span class=\"s6\">Klassenstufe 1 bis 4<\/span><\/li>\n<\/ul>\n<\/li>\n<\/ul>\n<p><span class=\"s6\">Die Schach-AG der Johann-Heinrich-von-Landeck<\/span><span class=\"s6\">\u2013<\/span><span class=\"s6\">Schule ist ein Ort, an dem Sch\u00fclerinnen und Sch\u00fcler die faszinierende Welt des Schachs kennenlernen und ihr strategisches Denken sch\u00e4rfen k<\/span><span class=\"s6\">\u00f6<\/span><span class=\"s6\">nnen<\/span><span class=\"s6\">. Unter der Leitung vom mehrmaligem deutschen Meister Michail <\/span><span class=\"s6\">Gkegkas<\/span><span class=\"s6\"> treffen sich jede Woche begeisterte junge Spielerinnen und Spieler, um ihre F\u00e4higkeiten zu verbessern, sich in Turnieren zu messen und gemeinsam Spa\u00df am k<\/span><span class=\"s6\">\u00f6<\/span><span class=\"s6\">niglichen<\/span><span class=\"s6\"> Spiel zu haben.<\/span><\/p>\n<p><span class=\"s6\">In der Schach-AG geht es nicht nur um das Erlernen der Grundregeln, sondern auch um die Entwicklung fortgeschrittener Strategien und Taktiken. Die Sch\u00fclerinnen und Sch\u00fcler haben die M<\/span><span class=\"s6\">\u00f6<\/span><span class=\"s6\">glichkeit<\/span><span class=\"s6\">, sich in einer unterst\u00fctzenden und motivierenden Umgebung auszutauschen und voneinander zu lernen.<\/span><\/p>\n<p><span class=\"s6\">Die AG ist offen f\u00fcr alle Altersgruppen und Erfahrungsstufen, vom Anf\u00e4nger bis zum erfahrenen Spieler. Auch wenn du noch nie zuvor einen Zug auf dem Schachbrett gemacht hast, bist du herzlich willkommen, dich uns anzuschlie\u00dfen und die Grundlagen des Spiels zu erlernen.<\/span><\/p>\n<p><span class=\"s6\">Neben dem Training bieten wir regelm\u00e4\u00dfig interne Turniere und Wettk\u00e4mpfe gegen andere Schulen an, bei denen unsere Sch\u00fclerinnen und Sch\u00fcler ihre F\u00e4higkeiten unter Beweis stellen k<\/span><span class=\"s6\">\u00f6<\/span><span class=\"s6\">nnen<\/span><span class=\"s6\">. <\/span><span class=\"s6\">Diese Veranstaltungen f<\/span><span class=\"s6\">\u00f6<\/span><span class=\"s6\">rdern<\/span><span class=\"s6\"> den Teamgeist, den Wettbewerbsgeist und das Selbstvertrauen unserer Teilnehmerinnen und Teilnehmer.<\/span><\/p>\n<p><span class=\"s6\">Die Schach-AG der<\/span> <span class=\"s6\">Johann-Heinrich-von-Landeck-Schule<\/span><span class=\"s6\"> ist mehr als nur ein au\u00dferschulisches Angebot \u2013 sie ist eine Gemeinschaft von Schachliebhabern, die zusammenkommen, um ihre Leidenschaft zu teilen und voneinander zu lernen. Wenn du Interesse hast, die Welt des Schachs zu erkunden und dich einer aktiven und engagierten Gruppe anzuschlie\u00dfen, dann schau doch einfach bei unserem n\u00e4chsten Treffen vorbei<\/span><span class=\"s6\">.<\/span><\/p>\n<p><span class=\"s6\">Wir freuen uns darauf, dich in der Schach-AG der Johann-Heinrich-von-Landeck<\/span><span class=\"s6\">\u2013<\/span><span class=\"s6\">Schule willkommen zu hei\u00dfen und gemeinsam spannende Partien zu spielen.<\/span><\/p>\n<p><span class=\"s6\">Mit <\/span><span class=\"s6\">schachlichen<\/span><span class=\"s6\"> Gr\u00fc\u00dfen<\/span><\/p>\n<p><span class=\"s6\">Das Team der Schach-AG der Johann-Heinrich-von-Landeck<\/span><span class=\"s6\">\u2013<\/span><span class=\"s6\">Schule<\/span><\/p>\t\t\t\t\t\t\t\t<\/div>\n\t\t\t\t<\/div>\n\t\t\t\t\t<\/div>\n\t\t<\/div>\n\t\t\t\t\t<\/div>\n\t\t<\/section>\n\t\t\t\t\t<\/div>\n\t\t<\/div>\n\t\t\t\t\t<\/div>\n\t\t<\/section>\n\t\t\t\t<section class=\"elementor-section elementor-top-section elementor-element elementor-element-9e85bac elementor-section-boxed elementor-section-height-default elementor-section-height-default\" data-id=\"9e85bac\" data-element_type=\"section\" data-e-type=\"section\">\n\t\t\t\t\t\t<div class=\"elementor-container elementor-column-gap-default\">\n\t\t\t\t\t<div class=\"elementor-column elementor-col-100 elementor-top-column elementor-element elementor-element-649e992\" data-id=\"649e992\" data-element_type=\"column\" data-e-type=\"column\">\n\t\t\t<div class=\"elementor-widget-wrap elementor-element-populated\">\n\t\t\t\t\t\t<div class=\"elementor-element elementor-element-9214a30 elementor-widget elementor-widget-spacer\" data-id=\"9214a30\" data-element_type=\"widget\" data-e-type=\"widget\" data-widget_type=\"spacer.default\">\n\t\t\t\t<div class=\"elementor-widget-container\">\n\t\t\t\t\t\t\t<div class=\"elementor-spacer\">\n\t\t\t<div class=\"elementor-spacer-inner\"><\/div>\n\t\t<\/div>\n\t\t\t\t\t\t<\/div>\n\t\t\t\t<\/div>\n\t\t\t\t\t<\/div>\n\t\t<\/div>\n\t\t\t\t\t<\/div>\n\t\t<\/section>\n\t\t\t\t<\/div>\n\t\t","protected":false},"excerpt":{"rendered":"<p>Unsere Schach-AG Zeitpunkt der AG mittwochs: 15:30 &#8211; 17:00 Uhr Leitung der AG Herr&nbsp;Gkegkas Weitere Infos zur AG Die Schach-AG findet im Raum B206. Klassenstufe 1 bis 4 Die Schach-AG [&hellip;]<\/p>\n","protected":false},"author":6,"featured_media":0,"parent":0,"menu_order":0,"comment_status":"closed","ping_status":"closed","template":"","meta":{"site-sidebar-layout":"no-sidebar","site-content-layout":"page-builder","ast-site-content-layout":"full-width-container","site-content-style":"unboxed","site-sidebar-style":"unboxed","ast-global-header-display":"","ast-banner-title-visibility":"","ast-main-header-display":"","ast-hfb-above-header-display":"","ast-hfb-below-header-display":"","ast-hfb-mobile-header-display":"","site-post-title":"disabled","ast-breadcrumbs-content":"","ast-featured-img":"disabled","footer-sml-layout":"","ast-disable-related-posts":"","theme-transparent-header-meta":"","adv-header-id-meta":"","stick-header-meta":"","header-above-stick-meta":"","header-main-stick-meta":"","header-below-stick-meta":"","astra-migrate-meta-layouts":"set","ast-page-background-enabled":"default","ast-page-background-meta":{"desktop":{"background-color":"var(--ast-global-color-4)","background-image":"","background-repeat":"repeat","background-position":"center center","background-size":"auto","background-attachment":"scroll","background-type":"","background-media":"","overlay-type":"","overlay-color":"","overlay-opacity":"","overlay-gradient":""},"tablet":{"background-color":"","background-image":"","background-repeat":"repeat","background-position":"center center","background-size":"auto","background-attachment":"scroll","background-type":"","background-media":"","overlay-type":"","overlay-color":"","overlay-opacity":"","overlay-gradient":""},"mobile":{"background-color":"","background-image":"","background-repeat":"repeat","background-position":"center center","background-size":"auto","background-attachment":"scroll","background-type":"","background-media":"","overlay-type":"","overlay-color":"","overlay-opacity":"","overlay-gradient":""}},"ast-content-background-meta":{"desktop":{"background-color":"var(--ast-global-color-5)","background-image":"","background-repeat":"repeat","background-position":"center center","background-size":"auto","background-attachment":"scroll","background-type":"","background-media":"","overlay-type":"","overlay-color":"","overlay-opacity":"","overlay-gradient":""},"tablet":{"background-color":"var(--ast-global-color-5)","background-image":"","background-repeat":"repeat","background-position":"center center","background-size":"auto","background-attachment":"scroll","background-type":"","background-media":"","overlay-type":"","overlay-color":"","overlay-opacity":"","overlay-gradient":""},"mobile":{"background-color":"var(--ast-global-color-5)","background-image":"","background-repeat":"repeat","background-position":"center center","background-size":"auto","background-attachment":"scroll","background-type":"","background-media":"","overlay-type":"","overlay-color":"","overlay-opacity":"","overlay-gradient":""}},"footnotes":""},"class_list":["post-4138","page","type-page","status-publish","hentry"],"_links":{"self":[{"href":"https:\/\/landeck-schule.de\/index.php?rest_route=\/wp\/v2\/pages\/4138","targetHints":{"allow":["GET"]}}],"collection":[{"href":"https:\/\/landeck-schule.de\/index.php?rest_route=\/wp\/v2\/pages"}],"about":[{"href":"https:\/\/landeck-schule.de\/index.php?rest_route=\/wp\/v2\/types\/page"}],"author":[{"embeddable":true,"href":"https:\/\/landeck-schule.de\/index.php?rest_route=\/wp\/v2\/users\/6"}],"replies":[{"embeddable":true,"href":"https:\/\/landeck-schule.de\/index.php?rest_route=%2Fwp%2Fv2%2Fcomments&post=4138"}],"version-history":[{"count":7,"href":"https:\/\/landeck-schule.de\/index.php?rest_route=\/wp\/v2\/pages\/4138\/revisions"}],"predecessor-version":[{"id":4575,"href":"https:\/\/landeck-schule.de\/index.php?rest_route=\/wp\/v2\/pages\/4138\/revisions\/4575"}],"wp:attachment":[{"href":"https:\/\/landeck-schule.de\/index.php?rest_route=%2Fwp%2Fv2%2Fmedia&parent=4138"}],"curies":[{"name":"wp","href":"https:\/\/api.w.org\/{rel}","templated":true}]}}