{"id":4338,"date":"2025-03-19T08:14:32","date_gmt":"2025-03-19T08:14:32","guid":{"rendered":"https:\/\/landeck-schule.de\/?page_id=4338"},"modified":"2025-03-19T08:33:46","modified_gmt":"2025-03-19T08:33:46","slug":"sinus-profil-mathematik","status":"publish","type":"page","link":"https:\/\/landeck-schule.de\/?page_id=4338","title":{"rendered":"SINUS Profil Mathematik"},"content":{"rendered":"\t\t<div data-elementor-type=\"wp-page\" data-elementor-id=\"4338\" class=\"elementor elementor-4338\">\n\t\t\t\t\t\t<section class=\"elementor-section elementor-top-section elementor-element elementor-element-d507500 elementor-section-boxed elementor-section-height-default elementor-section-height-default\" data-id=\"d507500\" data-element_type=\"section\" data-e-type=\"section\">\n\t\t\t\t\t\t<div class=\"elementor-container elementor-column-gap-default\">\n\t\t\t\t\t<div class=\"elementor-column elementor-col-100 elementor-top-column elementor-element elementor-element-a5881c4\" data-id=\"a5881c4\" data-element_type=\"column\" data-e-type=\"column\">\n\t\t\t<div class=\"elementor-widget-wrap elementor-element-populated\">\n\t\t\t\t\t\t<div class=\"elementor-element elementor-element-69b1642 elementor-widget elementor-widget-spacer\" data-id=\"69b1642\" data-element_type=\"widget\" data-e-type=\"widget\" data-widget_type=\"spacer.default\">\n\t\t\t\t<div class=\"elementor-widget-container\">\n\t\t\t\t\t\t\t<div class=\"elementor-spacer\">\n\t\t\t<div class=\"elementor-spacer-inner\"><\/div>\n\t\t<\/div>\n\t\t\t\t\t\t<\/div>\n\t\t\t\t<\/div>\n\t\t\t\t<div class=\"elementor-element elementor-element-0303e94 elementor-widget elementor-widget-heading\" data-id=\"0303e94\" data-element_type=\"widget\" data-e-type=\"widget\" data-widget_type=\"heading.default\">\n\t\t\t\t<div class=\"elementor-widget-container\">\n\t\t\t\t\t<h2 class=\"elementor-heading-title elementor-size-default\">SINUS Profil Mathematik an Grundschule<\/h2>\t\t\t\t<\/div>\n\t\t\t\t<\/div>\n\t\t\t\t<div class=\"elementor-element elementor-element-47d3a62 elementor-widget elementor-widget-text-editor\" data-id=\"47d3a62\" data-element_type=\"widget\" data-e-type=\"widget\" data-widget_type=\"text-editor.default\">\n\t\t\t\t<div class=\"elementor-widget-container\">\n\t\t\t\t\t\t\t\t\t<div>Im Fr\u00fchjahr 2024 stellten wir uns folgenden Fragen:<\/div>\n<div>&nbsp;<\/div>\n<div>Wie k\u00f6nnen wir&#8230;<\/div>\n<ul>\n<li>unseren Mathematikunterricht weiterentwickeln<\/li>\n<li><span style=\"font-size: 16px;\">Indivisualisierung im Mathematikunterricht steigern<\/span><\/li>\n<li><span style=\"font-size: 16px;\">Neugierde erhalten und immer wieder neu wecken<\/span><\/li>\n<li><span style=\"font-size: 16px;\">Unterrichtsentwicklung mit Schulentwicklung zusammenbringen?<\/span><\/li>\n<li><span style=\"font-size: 16px;\">Strategien f\u00fcr und mit unseren Sch\u00fclerinnen und Sch\u00fclern entwickeln?<\/span><\/li>\n<\/ul>\n<div>Die Antwort war ganz klar: Damit sind wir bei <strong>SINUS Profil Mathematik an Grundschulen<\/strong> genau richtig gelandet!<\/div>\n<div>&nbsp;<\/div>\n<div>&#8222;<strong>Gute Aufgaben<\/strong>&#8220; sind ein wichtiges Element des Mathematikunterrichts. Sie stehen in unseren Regionalgruppentreffen im Mittelpunkt, daneben spielen kooperative Lernformen als Hilfe zur Umsetzung eine gro\u00dfe Rolle.<\/div>\n<div>&nbsp;<\/div>\n<div>Die Arbeitskreistreffen finden vier Mal im Jahr statt. Wir treffen uns meist in der Grundschule Theresanium in Breisach zu schul\u00fcbergreifenden professionellen Lerngemeinschaften. Dort bereiten wir gemeinsam Unterricht vor. Dieser gemeinschaftlich geplante Unterricht wird erprobt und reflektiert. So kann sich unser Unterricht im Austausch mit den anderen Teilnehmern weiterentwickeln.<\/div>\n<div>&nbsp;<\/div>\n<div>Im Mittelpunkt des Austausches stehen neben der unterrichtlichen Umsetzung folgende Fragen:<\/div>\n<div>&#8222;Was k\u00f6nnen die Kinder bereits?&#8220; &#8211; &#8222;Was haben die Kinder gelernt?&#8220; &#8211; &#8222;Wie lernen die Kinder?&#8220;<\/div>\n<div>&nbsp;<\/div>\n<div>Die Erkenntnisse, die unsere Teilnehmer:innen dort sammeln, multiplizieren sie auf unseren Mathematik-Fachschaftstreffen weiter.<\/div>\n<div>&nbsp;<\/div>\n<div><strong>Weitere Informationen zu SINUS Profil Mathematik an Grundschulen findet man unter:<\/strong><\/div>\n<div>&nbsp;<\/div>\n<div><a href=\"http:\/\/www.sinusprofil-bw.de\/\" target=\"_blank\" rel=\"noopener\">www.sinusprofil-bw.de<\/a>&lt;<a href=\"http:\/\/www.schule-bw.de\/faecher-und-schularten\/mathematisch-naturwissenschaftliche-faecher\/mathematik\/unterrichtsmaterialien\/grundschule\/sinus-grundschule\" target=\"_blank\" rel=\"noopener\">http:\/\/www.schule-bw.de\/faecher-und-schularten\/mathematisch-naturwissenschaftliche-faecher\/mathematik\/unterrichtsmaterialien\/grundschule\/sinus-grundschule<\/a>&gt;<\/div>\t\t\t\t\t\t\t\t<\/div>\n\t\t\t\t<\/div>\n\t\t\t\t\t<\/div>\n\t\t<\/div>\n\t\t\t\t\t<\/div>\n\t\t<\/section>\n\t\t\t\t<\/div>\n\t\t","protected":false},"excerpt":{"rendered":"<p>SINUS Profil Mathematik an Grundschule Im Fr\u00fchjahr 2024 stellten wir uns folgenden Fragen: &nbsp; Wie k\u00f6nnen wir&#8230; unseren Mathematikunterricht weiterentwickeln Indivisualisierung im Mathematikunterricht steigern Neugierde erhalten und immer wieder neu [&hellip;]<\/p>\n","protected":false},"author":2,"featured_media":0,"parent":0,"menu_order":0,"comment_status":"closed","ping_status":"closed","template":"","meta":{"site-sidebar-layout":"no-sidebar","site-content-layout":"page-builder","ast-site-content-layout":"full-width-container","site-content-style":"default","site-sidebar-style":"default","ast-global-header-display":"","ast-banner-title-visibility":"","ast-main-header-display":"","ast-hfb-above-header-display":"","ast-hfb-below-header-display":"","ast-hfb-mobile-header-display":"","site-post-title":"disabled","ast-breadcrumbs-content":"","ast-featured-img":"disabled","footer-sml-layout":"","ast-disable-related-posts":"","theme-transparent-header-meta":"","adv-header-id-meta":"","stick-header-meta":"","header-above-stick-meta":"","header-main-stick-meta":"","header-below-stick-meta":"","astra-migrate-meta-layouts":"set","ast-page-background-enabled":"default","ast-page-background-meta":{"desktop":{"background-color":"var(--ast-global-color-4)","background-image":"","background-repeat":"repeat","background-position":"center center","background-size":"auto","background-attachment":"scroll","background-type":"","background-media":"","overlay-type":"","overlay-color":"","overlay-opacity":"","overlay-gradient":""},"tablet":{"background-color":"","background-image":"","background-repeat":"repeat","background-position":"center center","background-size":"auto","background-attachment":"scroll","background-type":"","background-media":"","overlay-type":"","overlay-color":"","overlay-opacity":"","overlay-gradient":""},"mobile":{"background-color":"","background-image":"","background-repeat":"repeat","background-position":"center center","background-size":"auto","background-attachment":"scroll","background-type":"","background-media":"","overlay-type":"","overlay-color":"","overlay-opacity":"","overlay-gradient":""}},"ast-content-background-meta":{"desktop":{"background-color":"var(--ast-global-color-5)","background-image":"","background-repeat":"repeat","background-position":"center center","background-size":"auto","background-attachment":"scroll","background-type":"","background-media":"","overlay-type":"","overlay-color":"","overlay-opacity":"","overlay-gradient":""},"tablet":{"background-color":"var(--ast-global-color-5)","background-image":"","background-repeat":"repeat","background-position":"center center","background-size":"auto","background-attachment":"scroll","background-type":"","background-media":"","overlay-type":"","overlay-color":"","overlay-opacity":"","overlay-gradient":""},"mobile":{"background-color":"var(--ast-global-color-5)","background-image":"","background-repeat":"repeat","background-position":"center center","background-size":"auto","background-attachment":"scroll","background-type":"","background-media":"","overlay-type":"","overlay-color":"","overlay-opacity":"","overlay-gradient":""}},"footnotes":""},"class_list":["post-4338","page","type-page","status-publish","hentry"],"_links":{"self":[{"href":"https:\/\/landeck-schule.de\/index.php?rest_route=\/wp\/v2\/pages\/4338","targetHints":{"allow":["GET"]}}],"collection":[{"href":"https:\/\/landeck-schule.de\/index.php?rest_route=\/wp\/v2\/pages"}],"about":[{"href":"https:\/\/landeck-schule.de\/index.php?rest_route=\/wp\/v2\/types\/page"}],"author":[{"embeddable":true,"href":"https:\/\/landeck-schule.de\/index.php?rest_route=\/wp\/v2\/users\/2"}],"replies":[{"embeddable":true,"href":"https:\/\/landeck-schule.de\/index.php?rest_route=%2Fwp%2Fv2%2Fcomments&post=4338"}],"version-history":[{"count":10,"href":"https:\/\/landeck-schule.de\/index.php?rest_route=\/wp\/v2\/pages\/4338\/revisions"}],"predecessor-version":[{"id":4354,"href":"https:\/\/landeck-schule.de\/index.php?rest_route=\/wp\/v2\/pages\/4338\/revisions\/4354"}],"wp:attachment":[{"href":"https:\/\/landeck-schule.de\/index.php?rest_route=%2Fwp%2Fv2%2Fmedia&parent=4338"}],"curies":[{"name":"wp","href":"https:\/\/api.w.org\/{rel}","templated":true}]}}