{"id":4374,"date":"2025-04-04T08:38:09","date_gmt":"2025-04-04T08:38:09","guid":{"rendered":"https:\/\/landeck-schule.de\/?page_id=4374"},"modified":"2025-09-12T17:49:54","modified_gmt":"2025-09-12T17:49:54","slug":"gesund-und-lecker-landeck-nimmt-an-eu-schulprogramm-teil","status":"publish","type":"page","link":"https:\/\/landeck-schule.de\/?page_id=4374","title":{"rendered":"EU-Schulprogramm"},"content":{"rendered":"\t\t<div data-elementor-type=\"wp-page\" data-elementor-id=\"4374\" class=\"elementor elementor-4374\">\n\t\t\t\t\t\t<section class=\"elementor-section elementor-top-section elementor-element elementor-element-184f9368 elementor-section-boxed elementor-section-height-default elementor-section-height-default\" data-id=\"184f9368\" data-element_type=\"section\" data-e-type=\"section\">\n\t\t\t\t\t\t<div class=\"elementor-container elementor-column-gap-default\">\n\t\t\t\t\t<div class=\"elementor-column elementor-col-100 elementor-top-column elementor-element elementor-element-33ce724c\" data-id=\"33ce724c\" data-element_type=\"column\" data-e-type=\"column\">\n\t\t\t<div class=\"elementor-widget-wrap elementor-element-populated\">\n\t\t\t\t\t\t<div class=\"elementor-element elementor-element-07151c4 elementor-widget elementor-widget-heading\" data-id=\"07151c4\" data-element_type=\"widget\" data-e-type=\"widget\" data-widget_type=\"heading.default\">\n\t\t\t\t<div class=\"elementor-widget-container\">\n\t\t\t\t\t<h3 class=\"elementor-heading-title elementor-size-default\">Gesund und lecker - Landeck nimmt an EU-Schulprogramm teil<\/h3>\t\t\t\t<\/div>\n\t\t\t\t<\/div>\n\t\t\t\t<div class=\"elementor-element elementor-element-cc842e8 elementor-widget elementor-widget-text-editor\" data-id=\"cc842e8\" data-element_type=\"widget\" data-e-type=\"widget\" data-widget_type=\"text-editor.default\">\n\t\t\t\t<div class=\"elementor-widget-container\">\n\t\t\t\t\t\t\t\t\t<p><\/p>\n<figure class=\"wp-block-image aligncenter size-full\"><img fetchpriority=\"high\" decoding=\"async\" width=\"712\" height=\"383\" class=\"wp-image-4375 alignleft\" src=\"https:\/\/landeck-schule.de\/wp-content\/uploads\/2025\/04\/csm_Logo_Schulprogramm700x360_36fe3abc11.jpg.webp\" alt=\"\" srcset=\"https:\/\/landeck-schule.de\/wp-content\/uploads\/2025\/04\/csm_Logo_Schulprogramm700x360_36fe3abc11.jpg.webp 712w, https:\/\/landeck-schule.de\/wp-content\/uploads\/2025\/04\/csm_Logo_Schulprogramm700x360_36fe3abc11.jpg-300x161.webp 300w\" sizes=\"(max-width: 712px) 100vw, 712px\" \/><\/figure>\n<figure><\/figure>\n<figure><\/figure>\n<figure><\/figure>\n<figure class=\"wp-block-image aligncenter size-full\"><\/figure>\n<div>&nbsp;<\/div>\n<div>Seit dem Schuljahr 2023\/2024 wird an der Landeck das EU-Schulprogramm umgesetzt. Ziel des Programms: Kindern zu vermitteln, dass Obst, Gem\u00fcse und Milch nicht nur gesund sind, sondern auch lecker schmecken.<\/div>\n<div>&nbsp;<\/div>\n<div>Mit dem EU-Schulprogramm erhalten Kinder in Kitas und Grundschulen regelm\u00e4\u00dfig, konkret ca. 30 mal im Jahr, eine Extraportion Obst, Gem\u00fcse, Milch &amp; Milchprodukte von regionalen Lieferantinnen und Lieferanten. In unserem Fall ist das die &#8222;Regionalwert Frischekiste&#8220;. N\u00e4here Infos zu unserm Kooperationspartner finden sie unter <a href=\"https:\/\/www.regionalwert-frischekiste.de\/?oo-cid=6154&amp;rnd=2958&amp;trc=p_mo&amp;locale=de_DE_BW\" target=\"_blank\" rel=\"noopener\">https:\/\/www.regionalwert-frischekiste.de\/?oo-cid=6154&amp;rnd=2958&amp;trc=p_mo&amp;locale=de_DE_BW<\/a><\/div>\n<p>Der Clou: F\u00fcr alle Kinder ist der gesunde Snack kostenfrei.<\/p>\n<p><\/p>\n<p>Unsere Kinder kommen damit auf den Geschmack dieser Lebensmittel und lernen bereits in jungen Jahren ganz nebenbei, sie in ihren Essalltag zu integrieren. Durch die p\u00e4dagogische Begleitung des Programms erfahren Kinder mehr \u00fcber die Herkunft von Lebensmitteln, \u00fcber die Vielfalt der Produkte und \u00fcber eine ausgewogene Ern\u00e4hrungsweise. Zudem st\u00e4rken sie wichtige Kompetenzen im Umgang mit Lebensmitteln.<\/p>\n<p><\/p>\n<p>Im Schuljahr 2025\/2026 nehmen in Baden- W\u00fcrttemberg insgesamt 5.333 Grundschulen und Kitas mit rund 485.000 Kindern teil.<\/p>\n<p><\/p>\n<p>Weitergehende Infos finden sich unter <a href=\"https:\/\/mlr.baden-wuerttemberg.de\/de\/unsere-themen\/ernaehrung\/eu-schulprogramm\/allgemeine-informationen\" target=\"_blank\" rel=\"noreferrer noopener\">https:\/\/mlr.baden-wuerttemberg.de\/de\/unsere-themen\/ernaehrung\/eu-schulprogramm\/allgemeine-informationen<\/a><\/p>\n<p><\/p>\n<p><\/p>\t\t\t\t\t\t\t\t<\/div>\n\t\t\t\t<\/div>\n\t\t\t\t\t<\/div>\n\t\t<\/div>\n\t\t\t\t\t<\/div>\n\t\t<\/section>\n\t\t\t\t<\/div>\n\t\t","protected":false},"excerpt":{"rendered":"<p>Gesund und lecker &#8211; Landeck nimmt an EU-Schulprogramm teil Unsere Kinder kommen damit auf den Geschmack dieser Lebensmittel und lernen bereits in jungen Jahren ganz nebenbei, sie in ihren Essalltag [&hellip;]<\/p>\n","protected":false},"author":2,"featured_media":0,"parent":0,"menu_order":0,"comment_status":"closed","ping_status":"closed","template":"","meta":{"site-sidebar-layout":"default","site-content-layout":"","ast-site-content-layout":"default","site-content-style":"default","site-sidebar-style":"default","ast-global-header-display":"","ast-banner-title-visibility":"","ast-main-header-display":"","ast-hfb-above-header-display":"","ast-hfb-below-header-display":"","ast-hfb-mobile-header-display":"","site-post-title":"","ast-breadcrumbs-content":"","ast-featured-img":"","footer-sml-layout":"","ast-disable-related-posts":"","theme-transparent-header-meta":"","adv-header-id-meta":"","stick-header-meta":"","header-above-stick-meta":"","header-main-stick-meta":"","header-below-stick-meta":"","astra-migrate-meta-layouts":"set","ast-page-background-enabled":"default","ast-page-background-meta":{"desktop":{"background-color":"var(--ast-global-color-4)","background-image":"","background-repeat":"repeat","background-position":"center center","background-size":"auto","background-attachment":"scroll","background-type":"","background-media":"","overlay-type":"","overlay-color":"","overlay-opacity":"","overlay-gradient":""},"tablet":{"background-color":"","background-image":"","background-repeat":"repeat","background-position":"center center","background-size":"auto","background-attachment":"scroll","background-type":"","background-media":"","overlay-type":"","overlay-color":"","overlay-opacity":"","overlay-gradient":""},"mobile":{"background-color":"","background-image":"","background-repeat":"repeat","background-position":"center center","background-size":"auto","background-attachment":"scroll","background-type":"","background-media":"","overlay-type":"","overlay-color":"","overlay-opacity":"","overlay-gradient":""}},"ast-content-background-meta":{"desktop":{"background-color":"var(--ast-global-color-5)","background-image":"","background-repeat":"repeat","background-position":"center center","background-size":"auto","background-attachment":"scroll","background-type":"","background-media":"","overlay-type":"","overlay-color":"","overlay-opacity":"","overlay-gradient":""},"tablet":{"background-color":"var(--ast-global-color-5)","background-image":"","background-repeat":"repeat","background-position":"center center","background-size":"auto","background-attachment":"scroll","background-type":"","background-media":"","overlay-type":"","overlay-color":"","overlay-opacity":"","overlay-gradient":""},"mobile":{"background-color":"var(--ast-global-color-5)","background-image":"","background-repeat":"repeat","background-position":"center center","background-size":"auto","background-attachment":"scroll","background-type":"","background-media":"","overlay-type":"","overlay-color":"","overlay-opacity":"","overlay-gradient":""}},"footnotes":""},"class_list":["post-4374","page","type-page","status-publish","hentry"],"_links":{"self":[{"href":"https:\/\/landeck-schule.de\/index.php?rest_route=\/wp\/v2\/pages\/4374","targetHints":{"allow":["GET"]}}],"collection":[{"href":"https:\/\/landeck-schule.de\/index.php?rest_route=\/wp\/v2\/pages"}],"about":[{"href":"https:\/\/landeck-schule.de\/index.php?rest_route=\/wp\/v2\/types\/page"}],"author":[{"embeddable":true,"href":"https:\/\/landeck-schule.de\/index.php?rest_route=\/wp\/v2\/users\/2"}],"replies":[{"embeddable":true,"href":"https:\/\/landeck-schule.de\/index.php?rest_route=%2Fwp%2Fv2%2Fcomments&post=4374"}],"version-history":[{"count":18,"href":"https:\/\/landeck-schule.de\/index.php?rest_route=\/wp\/v2\/pages\/4374\/revisions"}],"predecessor-version":[{"id":4539,"href":"https:\/\/landeck-schule.de\/index.php?rest_route=\/wp\/v2\/pages\/4374\/revisions\/4539"}],"wp:attachment":[{"href":"https:\/\/landeck-schule.de\/index.php?rest_route=%2Fwp%2Fv2%2Fmedia&parent=4374"}],"curies":[{"name":"wp","href":"https:\/\/api.w.org\/{rel}","templated":true}]}}